{"id":1807,"date":"2019-08-12T10:16:36","date_gmt":"2019-08-12T08:16:36","guid":{"rendered":"https:\/\/www.rootzwinetours.com\/about-us\/"},"modified":"2019-12-14T15:33:09","modified_gmt":"2019-12-14T14:33:09","slug":"nosotros","status":"publish","type":"page","link":"https:\/\/www.rootzwinetours.com\/es\/nosotros\/","title":{"rendered":"Nosotros"},"content":{"rendered":"<div class=\"wpb-content-wrapper\"><p>[vc_row][vc_column][vc_single_image image=&#8221;1799&#8243; img_size=&#8221;full&#8221; alignment=&#8221;center&#8221; image_hovers=&#8221;false&#8221;][vc_column_text css=&#8221;.vc_custom_1568628536500{margin-top: 35px !important;margin-right: 30px !important;margin-left: 30px !important;}&#8221;]<\/p>\n<p style=\"text-align: center;\"><span style=\"font-size: 16px;\">Compartir una visita enotur\u00edstica con Nicky Lloyd no consiste \u00fanicamente en pasar una jornada espl\u00e9ndida en un ambiente acogedor. Consiste tambi\u00e9n en mejorar el entendimiento y predilecci\u00f3n por los vinos mediante conocimientos transmitidos de forma apasionada por un experto. Tanto si su inter\u00e9s por el vino es circunstancial, como si es una de sus mayores aficiones, me asegurar\u00e9 de que quede cautivado\/a por los vinos de nuestra regi\u00f3n y por los paisajes y gentes que le dan forma.<\/span><\/p>\n<p>[\/vc_column_text][\/vc_column][\/vc_row][vc_row css=&#8221;.vc_custom_1564429965987{margin-top: 50px !important;}&#8221;][vc_column][vc_single_image image=&#8221;1800&#8243; img_size=&#8221;full&#8221; alignment=&#8221;center&#8221; image_hovers=&#8221;false&#8221;][vc_column_text css=&#8221;.vc_custom_1568628553201{margin-top: 35px !important;margin-right: 30px !important;margin-left: 30px !important;}&#8221;]<\/p>\n<p style=\"text-align: center;\"><span style=\"font-size: 16px;\">Mi vinculaci\u00f3n con el mundo del vino ocurri\u00f3 de improviso. Con s\u00f3lo 19 a\u00f1os, inici\u00e9 mis estudios de Empresariales y Franc\u00e9s en Burdeos. Como comprender\u00e1n, resulta muy complicado pasar 2 a\u00f1os en Burdeos sin sentirse atra\u00eddo por ese mundo \u00a1especialmente siendo estudiante!<\/span><\/p>\n<p>[\/vc_column_text][\/vc_column][\/vc_row][vc_row css=&#8221;.vc_custom_1564429973804{margin-top: 50px !important;}&#8221;][vc_column][vc_single_image image=&#8221;1801&#8243; img_size=&#8221;full&#8221; alignment=&#8221;center&#8221; image_hovers=&#8221;false&#8221;][vc_column_text css=&#8221;.vc_custom_1568628576223{margin-top: 35px !important;margin-right: 30px !important;margin-left: 30px !important;}&#8221;]<\/p>\n<p style=\"text-align: center;\"><span style=\"font-size: 16px;\">Tras mis estudios, me un\u00ed a una empresa multinacional de bebidas alcoh\u00f3licas en Madrid como responsable de distribuci\u00f3n para Europa de las marcas Marqu\u00e9s de Arienzo y Pedro Domecq. \u00a1Menuda suerte! \u00a1Me tocaba visitar La Rioja y Jerez para organizar catas con clientes!<\/span><\/p>\n<p>[\/vc_column_text][\/vc_column][\/vc_row][vc_row css=&#8221;.vc_custom_1564429973804{margin-top: 50px !important;}&#8221;][vc_column][vc_single_image image=&#8221;1802&#8243; img_size=&#8221;full&#8221; alignment=&#8221;center&#8221; image_hovers=&#8221;false&#8221;][vc_column_text css=&#8221;.vc_custom_1568628787839{margin-top: 35px !important;margin-right: 30px !important;margin-left: 30px !important;}&#8221;]<\/p>\n<p style=\"text-align: center;\"><span style=\"font-size: 16px;\">Posteriormente, decid\u00ed ir a Londres para realizar un M\u00e1ster de Vinos con el Wine and Spirits Education Trust, donde obtuve la titulaci\u00f3n de Level 4 Diploma. Estos estudios me dieron pie para ir a Chile, donde estuve trabajando durante 6 meses en la cosecha, producci\u00f3n y control de los vinos de la Bodega Concha y Toro. Tras este periplo, retorn\u00e9 a Espa\u00f1a, donde me dediqu\u00e9 a abrir mercados internacionales para una empresa familiar de cavas del Pened\u00e9s cuyo objetivo era incrementar sus exportaciones a Europa. <\/span><\/p>\n<p>[\/vc_column_text][\/vc_column][\/vc_row][vc_row css=&#8221;.vc_custom_1564429973804{margin-top: 50px !important;}&#8221;][vc_column][vc_single_image image=&#8221;1803&#8243; img_size=&#8221;full&#8221; alignment=&#8221;center&#8221; image_hovers=&#8221;false&#8221;][vc_column_text css=&#8221;.vc_custom_1568628807005{margin-top: 35px !important;margin-right: 30px !important;margin-left: 30px !important;}&#8221;]<\/p>\n<p style=\"text-align: center;\"><span style=\"font-size: 16px;\">Me traslad\u00e9 a M\u00e1laga hace 8 a\u00f1os, que dediqu\u00e9 primordialmente a formar y educar una familia. Recientemente, termin\u00e9 con \u00e9xito el M\u00e1ster en Enoturismo de la Universidad de M\u00e1laga. Fue aqu\u00ed donde descubr\u00ed las centenarias t\u00e9cnicas de producci\u00f3n de vinos dulces, as\u00ed como las innovadoras t\u00e9cnicas con las que hoy se producen vinos blancos, tintos y rosados en la provincia de M\u00e1laga, as\u00ed como los extraordinarios individuos que se esconden detr\u00e1s de esos vinos.<\/span><\/p>\n<p>[\/vc_column_text][vc_column_text css=&#8221;.vc_custom_1576333980320{margin-top: 35px !important;margin-right: 30px !important;margin-left: 30px !important;}&#8221;]<\/p>\n<p style=\"text-align: center;\"><span style=\"font-size: 16px;\">Estoy verdaderamente entusiasmada de poder trabajar de nuevo en este apasionante sector, el cual me permite conocer permanentemente a personas y a vinos asombrosos de esta maravillosa regi\u00f3n. Estar\u00e9 encantada de poder compartir todas estas experiencias y todos estos conocimientos con todos ustedes. Les recogeremos de cualquier punto de la Costa del Sol incluidos Estepona, Marbella, Mijas, Fuengirola, Benalm\u00e1dena, M\u00e1laga y Nerja. \u00a1Hasta pronto!<\/span><\/p>\n<p>[\/vc_column_text][\/vc_column][\/vc_row][vc_row disable_element=&#8221;yes&#8221; css=&#8221;.vc_custom_1564416454725{padding-top: 50px !important;padding-bottom: 50px !important;}&#8221;][vc_column]<style type=\"text\/css\" data-type=\"the7_shortcodes-inline-css\">#default-btn-0783591015e6fc0e7aa4ad15125801f4.ico-right-side > i {\n  margin-right: 0px;\n  margin-left: 8px;\n}\n#default-btn-0783591015e6fc0e7aa4ad15125801f4 > i {\n  margin-right: 8px;\n}\n<\/style><div class=\"btn-align-center\"><a href=\"https:\/\/www.rootzwinetours.com\/book\/\" class=\"default-btn-shortcode dt-btn dt-btn-l link-hover-off \" id=\"default-btn-0783591015e6fc0e7aa4ad15125801f4\" title=\"Book\"><span>Book now<\/span><\/a><\/div>[\/vc_column][\/vc_row]<\/p>\n<\/div>","protected":false},"excerpt":{"rendered":"<p>[vc_row][vc_column][vc_single_image image=&#8221;1799&#8243; img_size=&#8221;full&#8221; alignment=&#8221;center&#8221; image_hovers=&#8221;false&#8221;][vc_column_text css=&#8221;.vc_custom_1568628536500{margin-top: 35px !important;margin-right: 30px !important;margin-left: 30px !important;}&#8221;] Compartir una visita enotur\u00edstica con Nicky Lloyd no consiste \u00fanicamente en pasar una jornada espl\u00e9ndida en un ambiente acogedor. Consiste tambi\u00e9n en mejorar el entendimiento y predilecci\u00f3n por los vinos mediante conocimientos transmitidos de forma apasionada por un experto. Tanto si su inter\u00e9s&hellip;<\/p>\n","protected":false},"author":3,"featured_media":0,"parent":0,"menu_order":0,"comment_status":"closed","ping_status":"closed","template":"","meta":{"ngg_post_thumbnail":0,"footnotes":""},"yoast_head":"<!-- This site is optimized with the Yoast SEO plugin v22.9 - https:\/\/yoast.com\/wordpress\/plugins\/seo\/ -->\n<title>Nosotros -<\/title>\n<meta name=\"description\" content=\"We\u00b4ll pick you up anywhere on the Costa del Sol from Estepona, Marbella, Mijas, Fuengirola, Benalmadena, Malaga and towards Nerja at your accommodation.\" \/>\n<meta name=\"robots\" content=\"index, follow, max-snippet:-1, max-image-preview:large, max-video-preview:-1\" \/>\n<link rel=\"canonical\" href=\"https:\/\/www.rootzwinetours.com\/es\/nosotros\/\" \/>\n<meta property=\"og:locale\" content=\"es_ES\" \/>\n<meta property=\"og:type\" content=\"article\" \/>\n<meta property=\"og:title\" content=\"Nosotros -\" \/>\n<meta property=\"og:description\" content=\"We\u00b4ll pick you up anywhere on the Costa del Sol from Estepona, Marbella, Mijas, Fuengirola, Benalmadena, Malaga and towards Nerja at your accommodation.\" \/>\n<meta property=\"og:url\" content=\"https:\/\/www.rootzwinetours.com\/es\/nosotros\/\" \/>\n<meta property=\"og:site_name\" content=\"ROOTZ WINE TOURS\" \/>\n<meta property=\"article:publisher\" content=\"https:\/\/www.facebook.com\/rootzwinetours\/\" \/>\n<meta property=\"article:modified_time\" content=\"2019-12-14T14:33:09+00:00\" \/>\n<meta name=\"twitter:card\" content=\"summary_large_image\" \/>\n<meta name=\"twitter:label1\" content=\"Tiempo de lectura\" \/>\n\t<meta name=\"twitter:data1\" content=\"3 minutos\" \/>\n<script type=\"application\/ld+json\" class=\"yoast-schema-graph\">{\"@context\":\"https:\/\/schema.org\",\"@graph\":[{\"@type\":\"WebPage\",\"@id\":\"https:\/\/www.rootzwinetours.com\/es\/nosotros\/\",\"url\":\"https:\/\/www.rootzwinetours.com\/es\/nosotros\/\",\"name\":\"Nosotros -\",\"isPartOf\":{\"@id\":\"https:\/\/www.rootzwinetours.com\/es\/#website\"},\"datePublished\":\"2019-08-12T08:16:36+00:00\",\"dateModified\":\"2019-12-14T14:33:09+00:00\",\"description\":\"We\u00b4ll pick you up anywhere on the Costa del Sol from Estepona, Marbella, Mijas, Fuengirola, Benalmadena, Malaga and towards Nerja at your accommodation.\",\"breadcrumb\":{\"@id\":\"https:\/\/www.rootzwinetours.com\/es\/nosotros\/#breadcrumb\"},\"inLanguage\":\"es\",\"potentialAction\":[{\"@type\":\"ReadAction\",\"target\":[\"https:\/\/www.rootzwinetours.com\/es\/nosotros\/\"]}]},{\"@type\":\"BreadcrumbList\",\"@id\":\"https:\/\/www.rootzwinetours.com\/es\/nosotros\/#breadcrumb\",\"itemListElement\":[{\"@type\":\"ListItem\",\"position\":1,\"name\":\"Portada\",\"item\":\"https:\/\/www.rootzwinetours.com\/es\/\"},{\"@type\":\"ListItem\",\"position\":2,\"name\":\"Nosotros\"}]},{\"@type\":\"WebSite\",\"@id\":\"https:\/\/www.rootzwinetours.com\/es\/#website\",\"url\":\"https:\/\/www.rootzwinetours.com\/es\/\",\"name\":\"ROOTZ WINE TOURS\",\"description\":\"WINE TOURS ANDALUCIA\",\"publisher\":{\"@id\":\"https:\/\/www.rootzwinetours.com\/es\/#organization\"},\"potentialAction\":[{\"@type\":\"SearchAction\",\"target\":{\"@type\":\"EntryPoint\",\"urlTemplate\":\"https:\/\/www.rootzwinetours.com\/es\/?s={search_term_string}\"},\"query-input\":\"required name=search_term_string\"}],\"inLanguage\":\"es\"},{\"@type\":\"Organization\",\"@id\":\"https:\/\/www.rootzwinetours.com\/es\/#organization\",\"name\":\"Rootz Wine Tours Andaluc\u00eda\",\"url\":\"https:\/\/www.rootzwinetours.com\/es\/\",\"logo\":{\"@type\":\"ImageObject\",\"inLanguage\":\"es\",\"@id\":\"https:\/\/www.rootzwinetours.com\/es\/#\/schema\/logo\/image\/\",\"url\":\"https:\/\/www.rootzwinetours.com\/wp-content\/uploads\/2019\/10\/logo_login.png\",\"contentUrl\":\"https:\/\/www.rootzwinetours.com\/wp-content\/uploads\/2019\/10\/logo_login.png\",\"width\":300,\"height\":197,\"caption\":\"Rootz Wine Tours Andaluc\u00eda\"},\"image\":{\"@id\":\"https:\/\/www.rootzwinetours.com\/es\/#\/schema\/logo\/image\/\"},\"sameAs\":[\"https:\/\/www.facebook.com\/rootzwinetours\/\"]}]}<\/script>\n<!-- \/ Yoast SEO plugin. -->","yoast_head_json":{"title":"Nosotros -","description":"We\u00b4ll pick you up anywhere on the Costa del Sol from Estepona, Marbella, Mijas, Fuengirola, Benalmadena, Malaga and towards Nerja at your accommodation.","robots":{"index":"index","follow":"follow","max-snippet":"max-snippet:-1","max-image-preview":"max-image-preview:large","max-video-preview":"max-video-preview:-1"},"canonical":"https:\/\/www.rootzwinetours.com\/es\/nosotros\/","og_locale":"es_ES","og_type":"article","og_title":"Nosotros -","og_description":"We\u00b4ll pick you up anywhere on the Costa del Sol from Estepona, Marbella, Mijas, Fuengirola, Benalmadena, Malaga and towards Nerja at your accommodation.","og_url":"https:\/\/www.rootzwinetours.com\/es\/nosotros\/","og_site_name":"ROOTZ WINE TOURS","article_publisher":"https:\/\/www.facebook.com\/rootzwinetours\/","article_modified_time":"2019-12-14T14:33:09+00:00","twitter_card":"summary_large_image","twitter_misc":{"Tiempo de lectura":"3 minutos"},"schema":{"@context":"https:\/\/schema.org","@graph":[{"@type":"WebPage","@id":"https:\/\/www.rootzwinetours.com\/es\/nosotros\/","url":"https:\/\/www.rootzwinetours.com\/es\/nosotros\/","name":"Nosotros -","isPartOf":{"@id":"https:\/\/www.rootzwinetours.com\/es\/#website"},"datePublished":"2019-08-12T08:16:36+00:00","dateModified":"2019-12-14T14:33:09+00:00","description":"We\u00b4ll pick you up anywhere on the Costa del Sol from Estepona, Marbella, Mijas, Fuengirola, Benalmadena, Malaga and towards Nerja at your accommodation.","breadcrumb":{"@id":"https:\/\/www.rootzwinetours.com\/es\/nosotros\/#breadcrumb"},"inLanguage":"es","potentialAction":[{"@type":"ReadAction","target":["https:\/\/www.rootzwinetours.com\/es\/nosotros\/"]}]},{"@type":"BreadcrumbList","@id":"https:\/\/www.rootzwinetours.com\/es\/nosotros\/#breadcrumb","itemListElement":[{"@type":"ListItem","position":1,"name":"Portada","item":"https:\/\/www.rootzwinetours.com\/es\/"},{"@type":"ListItem","position":2,"name":"Nosotros"}]},{"@type":"WebSite","@id":"https:\/\/www.rootzwinetours.com\/es\/#website","url":"https:\/\/www.rootzwinetours.com\/es\/","name":"ROOTZ WINE TOURS","description":"WINE TOURS ANDALUCIA","publisher":{"@id":"https:\/\/www.rootzwinetours.com\/es\/#organization"},"potentialAction":[{"@type":"SearchAction","target":{"@type":"EntryPoint","urlTemplate":"https:\/\/www.rootzwinetours.com\/es\/?s={search_term_string}"},"query-input":"required name=search_term_string"}],"inLanguage":"es"},{"@type":"Organization","@id":"https:\/\/www.rootzwinetours.com\/es\/#organization","name":"Rootz Wine Tours Andaluc\u00eda","url":"https:\/\/www.rootzwinetours.com\/es\/","logo":{"@type":"ImageObject","inLanguage":"es","@id":"https:\/\/www.rootzwinetours.com\/es\/#\/schema\/logo\/image\/","url":"https:\/\/www.rootzwinetours.com\/wp-content\/uploads\/2019\/10\/logo_login.png","contentUrl":"https:\/\/www.rootzwinetours.com\/wp-content\/uploads\/2019\/10\/logo_login.png","width":300,"height":197,"caption":"Rootz Wine Tours Andaluc\u00eda"},"image":{"@id":"https:\/\/www.rootzwinetours.com\/es\/#\/schema\/logo\/image\/"},"sameAs":["https:\/\/www.facebook.com\/rootzwinetours\/"]}]}},"_links":{"self":[{"href":"https:\/\/www.rootzwinetours.com\/es\/wp-json\/wp\/v2\/pages\/1807"}],"collection":[{"href":"https:\/\/www.rootzwinetours.com\/es\/wp-json\/wp\/v2\/pages"}],"about":[{"href":"https:\/\/www.rootzwinetours.com\/es\/wp-json\/wp\/v2\/types\/page"}],"author":[{"embeddable":true,"href":"https:\/\/www.rootzwinetours.com\/es\/wp-json\/wp\/v2\/users\/3"}],"replies":[{"embeddable":true,"href":"https:\/\/www.rootzwinetours.com\/es\/wp-json\/wp\/v2\/comments?post=1807"}],"version-history":[{"count":7,"href":"https:\/\/www.rootzwinetours.com\/es\/wp-json\/wp\/v2\/pages\/1807\/revisions"}],"predecessor-version":[{"id":2179,"href":"https:\/\/www.rootzwinetours.com\/es\/wp-json\/wp\/v2\/pages\/1807\/revisions\/2179"}],"wp:attachment":[{"href":"https:\/\/www.rootzwinetours.com\/es\/wp-json\/wp\/v2\/media?parent=1807"}],"curies":[{"name":"wp","href":"https:\/\/api.w.org\/{rel}","templated":true}]}}