{"id":1817,"date":"2019-09-12T21:00:20","date_gmt":"2019-09-12T19:00:20","guid":{"rendered":"https:\/\/www.rootzwinetours.com\/cookie-policy\/"},"modified":"2020-03-02T14:07:22","modified_gmt":"2020-03-02T13:07:22","slug":"politica-de-cookies","status":"publish","type":"page","link":"https:\/\/www.rootzwinetours.com\/es\/politica-de-cookies\/","title":{"rendered":"Pol\u00edtica de cookies"},"content":{"rendered":"<div class=\"wpb-content-wrapper\"><p>[vc_row gap=&#8221;30&#8243; equal_height=&#8221;yes&#8221; type=&#8221;vc_default&#8221; css=&#8221;.vc_custom_1495106084943{padding-right: 25px !important;padding-bottom: 40px !important;padding-left: 25px !important;}&#8221;][vc_column css=&#8221;.vc_custom_1564655387920{margin-bottom: 30px !important;padding-top: 30px !important;padding-right: 30px !important;padding-bottom: 40px !important;padding-left: 30px !important;background-color: #f4f4f4 !important;}&#8221; offset=&#8221;vc_col-lg-offset-0 vc_col-md-offset-0 vc_col-sm-offset-0&#8243;][vc_column_text]En cumplimiento con lo dispuesto en el art\u00edculo 22.2 de la Ley 34\/2002, de 11 de julio, de Servicios de la Sociedad de la Informaci\u00f3n y de Comercio Electr\u00f3nico, el Titular le informa que este sitio Web utiliza cookies, as\u00ed como sobre su pol\u00edtica de recogida y el tratamiento que hace de las mismas.<\/p>\n<h2>Qu\u00e9 son las cookies<\/h2>\n<p>Una cookie es un fichero que se descarga en su ordenador al entrar a determinadas p\u00e1ginas web. Las cookies permiten a una p\u00e1gina web, entre otras cosas, almacenar y recuperar informaci\u00f3n sobre sus h\u00e1bitos de navegaci\u00f3n y \u2014dependiendo de la informaci\u00f3n que contengan y de la forma en que utilice su equipo\u2014 pueden utilizarse para identificarle.<\/p>\n<h2>Tipos de cookies utilizadas<\/h2>\n<p>El sitio Web <a href=\"https:\/\/www.rootzwinetours.com\">https:\/\/www.rootzwinetours.com<\/a> utiliza los siguientes tipos de cookies:<\/p>\n<ul>\n<li><b>Cookies de an\u00e1lisis:<\/b> Son aquellas que, bien tratadas por el sitio Web o por terceros, permiten cuantificar el n\u00famero de usuarios y as\u00ed realizar la medici\u00f3n y an\u00e1lisis estad\u00edstico de la utilizaci\u00f3n que hacen los usuarios del sitio Web. Para ello se analiza la navegaci\u00f3n que realizas en este sitio Web con el fin de mejorarlo.<!--, as\u00ed como los Productos o Servicios que pueda ofrecer el Titular.--><\/li>\n<li><b>Cookies t\u00e9cnicas:<\/b> Son aquellas tratadas por el sitio Web que permiten a los usuarios registrados navegar a trav\u00e9s del \u00e1rea restringida y a utilizar sus diferentes funciones, como por ejemplo, llevar a cabo el proceso de compra de un Producto o Servicio.Algunas cookies son esenciales para el funcionamiento del sitio Web, por ejemplo, el sistema de comentarios o el buscador.<\/li>\n<li><b>Cookies de personalizaci\u00f3n:<\/b> Son aquellas que permiten a los usuarios acceder al Servicio con algunas caracter\u00edsticas de car\u00e1cter general predefinidas en funci\u00f3n de una serie de criterios establecidos por el usuario como, por ejemplo, el idioma o el tipo de navegador a trav\u00e9s del cual se conecta a este sitio Web.<\/li>\n<\/ul>\n<h2>Desactivar las cookies<\/h2>\n<p>Usted puede aceptar, bloquear o eliminar las cookies instaladas en su equipo mediante la configuraci\u00f3n de las opciones del navegador.<\/p>\n<p>En los siguientes enlaces encontrar\u00e1 instrucciones para habilitar o deshabilitar las cookies en los navegadores m\u00e1s comunes.<\/p>\n<ul>\n<li><b>Firefox<\/b> <a href=\"http:\/\/support.mozilla.org\/es\/kb\/habilitar-y-deshabilitar-cookies-que-los-sitios-we\" rel=\"nofollow\">http:\/\/support.mozilla.org\/es\/kb\/habilitar-y-deshabilitar-cookies-que-los-sitios-we<\/a><\/li>\n<li><b>Safari<\/b> <a href=\"http:\/\/support.apple.com\/kb\/HT1677?viewlocale=es_ES\" rel=\"nofollow\">http:\/\/support.apple.com\/kb\/HT1677?viewlocale=es_ES<\/a><\/li>\n<li><b>Google Chrome<\/b> <a href=\"https:\/\/support.google.com\/chrome\/answer\/95647?hl=es\" rel=\"nofollow\">https:\/\/support.google.com\/chrome\/answer\/95647?hl=es<\/a><\/li>\n<\/ul>\n<h2>Cookies de terceros<\/h2>\n<p>El sitio Web utiliza los servicios de Google Adsense y de Google Analytics que pueden instalar cookies que sirven para obtener estad\u00edsticas y datos publicitarios.<\/p>\n<p>El sitio Web incluye otras funcionalidades proporcionadas por las redes sociales y que pueden instalar cookies. Usted puede compartir el contenido en tus redes sociales como Facebook, Twitter, Google +, Instagram o YouTube con los botones incluidos a tal efecto o con las herramientas para compartir propias de las redes sociales.<\/p>\n<p>Al solicitar una reserva, y una vez que nosotros hayamos confirmado la disponibilidad, le enviaremos un v\u00ednculo para poder completar su pago. Este v\u00ednculo se dirige a una plataforma segura de un tercero que se llama Xero.com. Detalles de su aviso de cookies se encuentran en:&nbsp; <a href=\"https:\/\/www.xero.com\/about\/legal\/cookies\/\">https:\/\/www.xero.com\/about\/legal\/cookies\/<\/a><\/p>\n<h2>Advertencia sobre eliminar cookies<\/h2>\n<p>Usted puede eliminar y bloquear las cookies de este sitio Web, pero parte del sitio no funcionar\u00e1 correctamente o su calidad puede verse afectada.<\/p>\n<h2>Contacto<\/h2>\n<p>En caso de que tenga cualquier duda acerca de esta Pol\u00edtica de Cookies o quiera realizar cualquier comentario sobre este sitio Web, puede enviar un mensaje de correo electr\u00f3nico a la direcci\u00f3n info@rootzwinetours.com.[\/vc_column_text][\/vc_column][\/vc_row]<\/p>\n<\/div>","protected":false},"excerpt":{"rendered":"<p>[vc_row gap=&#8221;30&#8243; equal_height=&#8221;yes&#8221; type=&#8221;vc_default&#8221; css=&#8221;.vc_custom_1495106084943{padding-right: 25px !important;padding-bottom: 40px !important;padding-left: 25px !important;}&#8221;][vc_column css=&#8221;.vc_custom_1564655387920{margin-bottom: 30px !important;padding-top: 30px !important;padding-right: 30px !important;padding-bottom: 40px !important;padding-left: 30px !important;background-color: #f4f4f4 !important;}&#8221; offset=&#8221;vc_col-lg-offset-0 vc_col-md-offset-0 vc_col-sm-offset-0&#8243;][vc_column_text]En cumplimiento con lo dispuesto en el art\u00edculo 22.2 de la Ley 34\/2002, de 11 de julio, de Servicios de la Sociedad de la Informaci\u00f3n y de Comercio Electr\u00f3nico,&hellip;<\/p>\n","protected":false},"author":3,"featured_media":0,"parent":0,"menu_order":0,"comment_status":"closed","ping_status":"closed","template":"","meta":{"ngg_post_thumbnail":0,"footnotes":""},"yoast_head":"<!-- This site is optimized with the Yoast SEO plugin v22.9 - https:\/\/yoast.com\/wordpress\/plugins\/seo\/ -->\n<title>Pol\u00edtica de cookies - ROOTZ WINE TOURS<\/title>\n<meta name=\"robots\" content=\"noindex, follow\" \/>\n<meta property=\"og:locale\" content=\"es_ES\" \/>\n<meta property=\"og:type\" content=\"article\" \/>\n<meta property=\"og:title\" content=\"Pol\u00edtica de cookies - ROOTZ WINE TOURS\" \/>\n<meta property=\"og:description\" content=\"[vc_row gap=&#8221;30&#8243; equal_height=&#8221;yes&#8221; type=&#8221;vc_default&#8221; css=&#8221;.vc_custom_1495106084943{padding-right: 25px !important;padding-bottom: 40px !important;padding-left: 25px !important;}&#8221;][vc_column css=&#8221;.vc_custom_1564655387920{margin-bottom: 30px !important;padding-top: 30px !important;padding-right: 30px !important;padding-bottom: 40px !important;padding-left: 30px !important;background-color: #f4f4f4 !important;}&#8221; offset=&#8221;vc_col-lg-offset-0 vc_col-md-offset-0 vc_col-sm-offset-0&#8243;][vc_column_text]En cumplimiento con lo dispuesto en el art\u00edculo 22.2 de la Ley 34\/2002, de 11 de julio, de Servicios de la Sociedad de la Informaci\u00f3n y de Comercio Electr\u00f3nico,&hellip;\" \/>\n<meta property=\"og:url\" content=\"https:\/\/www.rootzwinetours.com\/es\/politica-de-cookies\/\" \/>\n<meta property=\"og:site_name\" content=\"ROOTZ WINE TOURS\" \/>\n<meta property=\"article:publisher\" content=\"https:\/\/www.facebook.com\/rootzwinetours\/\" \/>\n<meta property=\"article:modified_time\" content=\"2020-03-02T13:07:22+00:00\" \/>\n<meta name=\"twitter:card\" content=\"summary_large_image\" \/>\n<meta name=\"twitter:label1\" content=\"Tiempo de lectura\" \/>\n\t<meta name=\"twitter:data1\" content=\"3 minutos\" \/>\n<script type=\"application\/ld+json\" class=\"yoast-schema-graph\">{\"@context\":\"https:\/\/schema.org\",\"@graph\":[{\"@type\":\"WebPage\",\"@id\":\"https:\/\/www.rootzwinetours.com\/es\/politica-de-cookies\/\",\"url\":\"https:\/\/www.rootzwinetours.com\/es\/politica-de-cookies\/\",\"name\":\"Pol\u00edtica de cookies - ROOTZ WINE TOURS\",\"isPartOf\":{\"@id\":\"https:\/\/www.rootzwinetours.com\/es\/#website\"},\"datePublished\":\"2019-09-12T19:00:20+00:00\",\"dateModified\":\"2020-03-02T13:07:22+00:00\",\"breadcrumb\":{\"@id\":\"https:\/\/www.rootzwinetours.com\/es\/politica-de-cookies\/#breadcrumb\"},\"inLanguage\":\"es\",\"potentialAction\":[{\"@type\":\"ReadAction\",\"target\":[\"https:\/\/www.rootzwinetours.com\/es\/politica-de-cookies\/\"]}]},{\"@type\":\"BreadcrumbList\",\"@id\":\"https:\/\/www.rootzwinetours.com\/es\/politica-de-cookies\/#breadcrumb\",\"itemListElement\":[{\"@type\":\"ListItem\",\"position\":1,\"name\":\"Portada\",\"item\":\"https:\/\/www.rootzwinetours.com\/es\/\"},{\"@type\":\"ListItem\",\"position\":2,\"name\":\"Pol\u00edtica de cookies\"}]},{\"@type\":\"WebSite\",\"@id\":\"https:\/\/www.rootzwinetours.com\/es\/#website\",\"url\":\"https:\/\/www.rootzwinetours.com\/es\/\",\"name\":\"ROOTZ WINE TOURS\",\"description\":\"WINE TOURS ANDALUCIA\",\"publisher\":{\"@id\":\"https:\/\/www.rootzwinetours.com\/es\/#organization\"},\"potentialAction\":[{\"@type\":\"SearchAction\",\"target\":{\"@type\":\"EntryPoint\",\"urlTemplate\":\"https:\/\/www.rootzwinetours.com\/es\/?s={search_term_string}\"},\"query-input\":\"required name=search_term_string\"}],\"inLanguage\":\"es\"},{\"@type\":\"Organization\",\"@id\":\"https:\/\/www.rootzwinetours.com\/es\/#organization\",\"name\":\"Rootz Wine Tours Andaluc\u00eda\",\"url\":\"https:\/\/www.rootzwinetours.com\/es\/\",\"logo\":{\"@type\":\"ImageObject\",\"inLanguage\":\"es\",\"@id\":\"https:\/\/www.rootzwinetours.com\/es\/#\/schema\/logo\/image\/\",\"url\":\"https:\/\/www.rootzwinetours.com\/wp-content\/uploads\/2019\/10\/logo_login.png\",\"contentUrl\":\"https:\/\/www.rootzwinetours.com\/wp-content\/uploads\/2019\/10\/logo_login.png\",\"width\":300,\"height\":197,\"caption\":\"Rootz Wine Tours Andaluc\u00eda\"},\"image\":{\"@id\":\"https:\/\/www.rootzwinetours.com\/es\/#\/schema\/logo\/image\/\"},\"sameAs\":[\"https:\/\/www.facebook.com\/rootzwinetours\/\"]}]}<\/script>\n<!-- \/ Yoast SEO plugin. -->","yoast_head_json":{"title":"Pol\u00edtica de cookies - ROOTZ WINE TOURS","robots":{"index":"noindex","follow":"follow"},"og_locale":"es_ES","og_type":"article","og_title":"Pol\u00edtica de cookies - ROOTZ WINE TOURS","og_description":"[vc_row gap=&#8221;30&#8243; equal_height=&#8221;yes&#8221; type=&#8221;vc_default&#8221; css=&#8221;.vc_custom_1495106084943{padding-right: 25px !important;padding-bottom: 40px !important;padding-left: 25px !important;}&#8221;][vc_column css=&#8221;.vc_custom_1564655387920{margin-bottom: 30px !important;padding-top: 30px !important;padding-right: 30px !important;padding-bottom: 40px !important;padding-left: 30px !important;background-color: #f4f4f4 !important;}&#8221; offset=&#8221;vc_col-lg-offset-0 vc_col-md-offset-0 vc_col-sm-offset-0&#8243;][vc_column_text]En cumplimiento con lo dispuesto en el art\u00edculo 22.2 de la Ley 34\/2002, de 11 de julio, de Servicios de la Sociedad de la Informaci\u00f3n y de Comercio Electr\u00f3nico,&hellip;","og_url":"https:\/\/www.rootzwinetours.com\/es\/politica-de-cookies\/","og_site_name":"ROOTZ WINE TOURS","article_publisher":"https:\/\/www.facebook.com\/rootzwinetours\/","article_modified_time":"2020-03-02T13:07:22+00:00","twitter_card":"summary_large_image","twitter_misc":{"Tiempo de lectura":"3 minutos"},"schema":{"@context":"https:\/\/schema.org","@graph":[{"@type":"WebPage","@id":"https:\/\/www.rootzwinetours.com\/es\/politica-de-cookies\/","url":"https:\/\/www.rootzwinetours.com\/es\/politica-de-cookies\/","name":"Pol\u00edtica de cookies - ROOTZ WINE TOURS","isPartOf":{"@id":"https:\/\/www.rootzwinetours.com\/es\/#website"},"datePublished":"2019-09-12T19:00:20+00:00","dateModified":"2020-03-02T13:07:22+00:00","breadcrumb":{"@id":"https:\/\/www.rootzwinetours.com\/es\/politica-de-cookies\/#breadcrumb"},"inLanguage":"es","potentialAction":[{"@type":"ReadAction","target":["https:\/\/www.rootzwinetours.com\/es\/politica-de-cookies\/"]}]},{"@type":"BreadcrumbList","@id":"https:\/\/www.rootzwinetours.com\/es\/politica-de-cookies\/#breadcrumb","itemListElement":[{"@type":"ListItem","position":1,"name":"Portada","item":"https:\/\/www.rootzwinetours.com\/es\/"},{"@type":"ListItem","position":2,"name":"Pol\u00edtica de cookies"}]},{"@type":"WebSite","@id":"https:\/\/www.rootzwinetours.com\/es\/#website","url":"https:\/\/www.rootzwinetours.com\/es\/","name":"ROOTZ WINE TOURS","description":"WINE TOURS ANDALUCIA","publisher":{"@id":"https:\/\/www.rootzwinetours.com\/es\/#organization"},"potentialAction":[{"@type":"SearchAction","target":{"@type":"EntryPoint","urlTemplate":"https:\/\/www.rootzwinetours.com\/es\/?s={search_term_string}"},"query-input":"required name=search_term_string"}],"inLanguage":"es"},{"@type":"Organization","@id":"https:\/\/www.rootzwinetours.com\/es\/#organization","name":"Rootz Wine Tours Andaluc\u00eda","url":"https:\/\/www.rootzwinetours.com\/es\/","logo":{"@type":"ImageObject","inLanguage":"es","@id":"https:\/\/www.rootzwinetours.com\/es\/#\/schema\/logo\/image\/","url":"https:\/\/www.rootzwinetours.com\/wp-content\/uploads\/2019\/10\/logo_login.png","contentUrl":"https:\/\/www.rootzwinetours.com\/wp-content\/uploads\/2019\/10\/logo_login.png","width":300,"height":197,"caption":"Rootz Wine Tours Andaluc\u00eda"},"image":{"@id":"https:\/\/www.rootzwinetours.com\/es\/#\/schema\/logo\/image\/"},"sameAs":["https:\/\/www.facebook.com\/rootzwinetours\/"]}]}},"_links":{"self":[{"href":"https:\/\/www.rootzwinetours.com\/es\/wp-json\/wp\/v2\/pages\/1817"}],"collection":[{"href":"https:\/\/www.rootzwinetours.com\/es\/wp-json\/wp\/v2\/pages"}],"about":[{"href":"https:\/\/www.rootzwinetours.com\/es\/wp-json\/wp\/v2\/types\/page"}],"author":[{"embeddable":true,"href":"https:\/\/www.rootzwinetours.com\/es\/wp-json\/wp\/v2\/users\/3"}],"replies":[{"embeddable":true,"href":"https:\/\/www.rootzwinetours.com\/es\/wp-json\/wp\/v2\/comments?post=1817"}],"version-history":[{"count":4,"href":"https:\/\/www.rootzwinetours.com\/es\/wp-json\/wp\/v2\/pages\/1817\/revisions"}],"predecessor-version":[{"id":2127,"href":"https:\/\/www.rootzwinetours.com\/es\/wp-json\/wp\/v2\/pages\/1817\/revisions\/2127"}],"wp:attachment":[{"href":"https:\/\/www.rootzwinetours.com\/es\/wp-json\/wp\/v2\/media?parent=1817"}],"curies":[{"name":"wp","href":"https:\/\/api.w.org\/{rel}","templated":true}]}}